{"id":568,"date":"2021-12-26T13:11:05","date_gmt":"2021-12-26T04:11:05","guid":{"rendered":"http:\/\/swedishcenter.or.jp\/?page_id=568"},"modified":"2021-12-26T13:11:05","modified_gmt":"2021-12-26T04:11:05","slug":"newyearholiday2021-2022","status":"publish","type":"page","link":"http:\/\/swedishcenter.or.jp\/sv\/newyearholiday2021-2022\/","title":{"rendered":"(\u65e5\u672c\u8a9e) \u5e74\u672b\u5e74\u59cb\u4f11\u9928\u306b\u3064\u304d\u307e\u3057\u3066 SCF New year&#8217;s Holiday"},"content":{"rendered":"<p class=\"qtranxs-available-languages-message qtranxs-available-languages-message-sv\">Tyv\u00e4rr \u00e4r denna artikel enbart tillg\u00e4nglig p\u00e5 <a href=\"http:\/\/swedishcenter.or.jp\/ja\/wp-json\/wp\/v2\/pages\/568\" class=\"qtranxs-available-language-link qtranxs-available-language-link-ja\" title=\"\u65e5\u672c\u8a9e\">Japanska<\/a>.<\/p>","protected":false},"excerpt":{"rendered":"<p>Tyv\u00e4rr \u00e4r denna artikel enbart tillg\u00e4nglig p\u00e5 Japanska.<\/p>\n","protected":false},"author":1,"featured_media":0,"parent":0,"menu_order":0,"comment_status":"closed","ping_status":"closed","template":"","meta":{"ngg_post_thumbnail":0,"footnotes":""},"_links":{"self":[{"href":"http:\/\/swedishcenter.or.jp\/sv\/wp-json\/wp\/v2\/pages\/568"}],"collection":[{"href":"http:\/\/swedishcenter.or.jp\/sv\/wp-json\/wp\/v2\/pages"}],"about":[{"href":"http:\/\/swedishcenter.or.jp\/sv\/wp-json\/wp\/v2\/types\/page"}],"author":[{"embeddable":true,"href":"http:\/\/swedishcenter.or.jp\/sv\/wp-json\/wp\/v2\/users\/1"}],"replies":[{"embeddable":true,"href":"http:\/\/swedishcenter.or.jp\/sv\/wp-json\/wp\/v2\/comments?post=568"}],"version-history":[{"count":2,"href":"http:\/\/swedishcenter.or.jp\/sv\/wp-json\/wp\/v2\/pages\/568\/revisions"}],"predecessor-version":[{"id":571,"href":"http:\/\/swedishcenter.or.jp\/sv\/wp-json\/wp\/v2\/pages\/568\/revisions\/571"}],"wp:attachment":[{"href":"http:\/\/swedishcenter.or.jp\/sv\/wp-json\/wp\/v2\/media?parent=568"}],"curies":[{"name":"wp","href":"https:\/\/api.w.org\/{rel}","templated":true}]}}