{"id":71,"date":"2021-07-23T14:30:06","date_gmt":"2021-07-23T05:30:06","guid":{"rendered":"http:\/\/swedishcenter.or.jp\/?page_id=71"},"modified":"2024-12-20T14:36:35","modified_gmt":"2024-12-20T05:36:35","slug":"event","status":"publish","type":"page","link":"http:\/\/swedishcenter.or.jp\/sv\/event\/","title":{"rendered":"(\u65e5\u672c\u8a9e) \u30a4\u30d9\u30f3\u30c8"},"content":{"rendered":"<p class=\"qtranxs-available-languages-message qtranxs-available-languages-message-sv\">Tyv\u00e4rr \u00e4r denna artikel enbart tillg\u00e4nglig p\u00e5 <a href=\"http:\/\/swedishcenter.or.jp\/ja\/wp-json\/wp\/v2\/pages\/71\" class=\"qtranxs-available-language-link qtranxs-available-language-link-ja\" title=\"\u65e5\u672c\u8a9e\">Japanska<\/a>.<\/p>","protected":false},"excerpt":{"rendered":"<p>Tyv\u00e4rr \u00e4r denna artikel enbart tillg\u00e4nglig p\u00e5 Japanska.<\/p>\n","protected":false},"author":1,"featured_media":0,"parent":0,"menu_order":0,"comment_status":"closed","ping_status":"closed","template":"","meta":{"ngg_post_thumbnail":0,"footnotes":""},"_links":{"self":[{"href":"http:\/\/swedishcenter.or.jp\/sv\/wp-json\/wp\/v2\/pages\/71"}],"collection":[{"href":"http:\/\/swedishcenter.or.jp\/sv\/wp-json\/wp\/v2\/pages"}],"about":[{"href":"http:\/\/swedishcenter.or.jp\/sv\/wp-json\/wp\/v2\/types\/page"}],"author":[{"embeddable":true,"href":"http:\/\/swedishcenter.or.jp\/sv\/wp-json\/wp\/v2\/users\/1"}],"replies":[{"embeddable":true,"href":"http:\/\/swedishcenter.or.jp\/sv\/wp-json\/wp\/v2\/comments?post=71"}],"version-history":[{"count":8,"href":"http:\/\/swedishcenter.or.jp\/sv\/wp-json\/wp\/v2\/pages\/71\/revisions"}],"predecessor-version":[{"id":710,"href":"http:\/\/swedishcenter.or.jp\/sv\/wp-json\/wp\/v2\/pages\/71\/revisions\/710"}],"wp:attachment":[{"href":"http:\/\/swedishcenter.or.jp\/sv\/wp-json\/wp\/v2\/media?parent=71"}],"curies":[{"name":"wp","href":"https:\/\/api.w.org\/{rel}","templated":true}]}}