{"id":719,"date":"2023-05-21T08:39:47","date_gmt":"2023-05-20T23:39:47","guid":{"rendered":"http:\/\/swedishcenter.or.jp\/?page_id=719"},"modified":"2023-06-11T09:39:14","modified_gmt":"2023-06-11T00:39:14","slug":"midsummer","status":"publish","type":"page","link":"http:\/\/swedishcenter.or.jp\/sv\/event\/midsummer\/","title":{"rendered":"(\u65e5\u672c\u8a9e) \u590f\u81f3\u796d"},"content":{"rendered":"<p class=\"qtranxs-available-languages-message qtranxs-available-languages-message-sv\">Tyv\u00e4rr \u00e4r denna artikel enbart tillg\u00e4nglig p\u00e5 <a href=\"http:\/\/swedishcenter.or.jp\/ja\/wp-json\/wp\/v2\/pages\/719\" class=\"qtranxs-available-language-link qtranxs-available-language-link-ja\" title=\"\u65e5\u672c\u8a9e\">Japanska<\/a>.<\/p>","protected":false},"excerpt":{"rendered":"<p>Tyv\u00e4rr \u00e4r denna artikel enbart tillg\u00e4nglig p\u00e5 Japanska.<\/p>\n","protected":false},"author":1,"featured_media":0,"parent":71,"menu_order":0,"comment_status":"closed","ping_status":"closed","template":"","meta":{"ngg_post_thumbnail":0,"footnotes":""},"_links":{"self":[{"href":"http:\/\/swedishcenter.or.jp\/sv\/wp-json\/wp\/v2\/pages\/719"}],"collection":[{"href":"http:\/\/swedishcenter.or.jp\/sv\/wp-json\/wp\/v2\/pages"}],"about":[{"href":"http:\/\/swedishcenter.or.jp\/sv\/wp-json\/wp\/v2\/types\/page"}],"author":[{"embeddable":true,"href":"http:\/\/swedishcenter.or.jp\/sv\/wp-json\/wp\/v2\/users\/1"}],"replies":[{"embeddable":true,"href":"http:\/\/swedishcenter.or.jp\/sv\/wp-json\/wp\/v2\/comments?post=719"}],"version-history":[{"count":3,"href":"http:\/\/swedishcenter.or.jp\/sv\/wp-json\/wp\/v2\/pages\/719\/revisions"}],"predecessor-version":[{"id":735,"href":"http:\/\/swedishcenter.or.jp\/sv\/wp-json\/wp\/v2\/pages\/719\/revisions\/735"}],"up":[{"embeddable":true,"href":"http:\/\/swedishcenter.or.jp\/sv\/wp-json\/wp\/v2\/pages\/71"}],"wp:attachment":[{"href":"http:\/\/swedishcenter.or.jp\/sv\/wp-json\/wp\/v2\/media?parent=719"}],"curies":[{"name":"wp","href":"https:\/\/api.w.org\/{rel}","templated":true}]}}