{"id":747,"date":"2023-07-16T09:19:28","date_gmt":"2023-07-16T00:19:28","guid":{"rendered":"http:\/\/swedishcenter.or.jp\/?page_id=747"},"modified":"2023-09-21T09:09:02","modified_gmt":"2023-09-21T00:09:02","slug":"scf-glassstudio","status":"publish","type":"page","link":"http:\/\/swedishcenter.or.jp\/sv\/scf-glassstudio\/","title":{"rendered":"(\u65e5\u672c\u8a9e) SCF\u30ac\u30e9\u30b9\u5de5\u82b8\u5de5\u623f"},"content":{"rendered":"<p class=\"qtranxs-available-languages-message qtranxs-available-languages-message-sv\">Tyv\u00e4rr \u00e4r denna artikel enbart tillg\u00e4nglig p\u00e5 <a href=\"http:\/\/swedishcenter.or.jp\/ja\/wp-json\/wp\/v2\/pages\/747\" class=\"qtranxs-available-language-link qtranxs-available-language-link-ja\" title=\"\u65e5\u672c\u8a9e\">Japanska<\/a>.<\/p>","protected":false},"excerpt":{"rendered":"<p>Tyv\u00e4rr \u00e4r denna artikel enbart tillg\u00e4nglig p\u00e5 Japanska.<\/p>\n","protected":false},"author":1,"featured_media":0,"parent":0,"menu_order":0,"comment_status":"closed","ping_status":"closed","template":"","meta":{"ngg_post_thumbnail":0,"footnotes":""},"_links":{"self":[{"href":"http:\/\/swedishcenter.or.jp\/sv\/wp-json\/wp\/v2\/pages\/747"}],"collection":[{"href":"http:\/\/swedishcenter.or.jp\/sv\/wp-json\/wp\/v2\/pages"}],"about":[{"href":"http:\/\/swedishcenter.or.jp\/sv\/wp-json\/wp\/v2\/types\/page"}],"author":[{"embeddable":true,"href":"http:\/\/swedishcenter.or.jp\/sv\/wp-json\/wp\/v2\/users\/1"}],"replies":[{"embeddable":true,"href":"http:\/\/swedishcenter.or.jp\/sv\/wp-json\/wp\/v2\/comments?post=747"}],"version-history":[{"count":9,"href":"http:\/\/swedishcenter.or.jp\/sv\/wp-json\/wp\/v2\/pages\/747\/revisions"}],"predecessor-version":[{"id":803,"href":"http:\/\/swedishcenter.or.jp\/sv\/wp-json\/wp\/v2\/pages\/747\/revisions\/803"}],"wp:attachment":[{"href":"http:\/\/swedishcenter.or.jp\/sv\/wp-json\/wp\/v2\/media?parent=747"}],"curies":[{"name":"wp","href":"https:\/\/api.w.org\/{rel}","templated":true}]}}