{"id":774,"date":"2023-08-05T13:45:22","date_gmt":"2023-08-05T04:45:22","guid":{"rendered":"http:\/\/swedishcenter.or.jp\/?page_id=774"},"modified":"2026-01-18T13:42:37","modified_gmt":"2026-01-18T04:42:37","slug":"learnswedish","status":"publish","type":"page","link":"http:\/\/swedishcenter.or.jp\/sv\/event\/learnswedish\/","title":{"rendered":"(\u65e5\u672c\u8a9e) \u3010\u30aa\u30f3\u30e9\u30a4\u30f3\u30ec\u30c3\u30b9\u30f3\u3011\u30b9\u30a6\u30a7\u30fc\u30c7\u30f3\u8a9e\u4f1a\u8a71\u8b1b\u5ea7"},"content":{"rendered":"<p class=\"qtranxs-available-languages-message qtranxs-available-languages-message-sv\">Tyv\u00e4rr \u00e4r denna artikel enbart tillg\u00e4nglig p\u00e5 <a href=\"http:\/\/swedishcenter.or.jp\/ja\/wp-json\/wp\/v2\/pages\/774\" class=\"qtranxs-available-language-link qtranxs-available-language-link-ja\" title=\"\u65e5\u672c\u8a9e\">Japanska<\/a>.<\/p>","protected":false},"excerpt":{"rendered":"<p>Tyv\u00e4rr \u00e4r denna artikel enbart tillg\u00e4nglig p\u00e5 Japanska.<\/p>\n","protected":false},"author":1,"featured_media":1043,"parent":71,"menu_order":0,"comment_status":"closed","ping_status":"closed","template":"","meta":{"ngg_post_thumbnail":0,"footnotes":""},"_links":{"self":[{"href":"http:\/\/swedishcenter.or.jp\/sv\/wp-json\/wp\/v2\/pages\/774"}],"collection":[{"href":"http:\/\/swedishcenter.or.jp\/sv\/wp-json\/wp\/v2\/pages"}],"about":[{"href":"http:\/\/swedishcenter.or.jp\/sv\/wp-json\/wp\/v2\/types\/page"}],"author":[{"embeddable":true,"href":"http:\/\/swedishcenter.or.jp\/sv\/wp-json\/wp\/v2\/users\/1"}],"replies":[{"embeddable":true,"href":"http:\/\/swedishcenter.or.jp\/sv\/wp-json\/wp\/v2\/comments?post=774"}],"version-history":[{"count":15,"href":"http:\/\/swedishcenter.or.jp\/sv\/wp-json\/wp\/v2\/pages\/774\/revisions"}],"predecessor-version":[{"id":1058,"href":"http:\/\/swedishcenter.or.jp\/sv\/wp-json\/wp\/v2\/pages\/774\/revisions\/1058"}],"up":[{"embeddable":true,"href":"http:\/\/swedishcenter.or.jp\/sv\/wp-json\/wp\/v2\/pages\/71"}],"wp:featuredmedia":[{"embeddable":true,"href":"http:\/\/swedishcenter.or.jp\/sv\/wp-json\/wp\/v2\/media\/1043"}],"wp:attachment":[{"href":"http:\/\/swedishcenter.or.jp\/sv\/wp-json\/wp\/v2\/media?parent=774"}],"curies":[{"name":"wp","href":"https:\/\/api.w.org\/{rel}","templated":true}]}}